{"id":9611,"date":"2022-08-04T13:12:01","date_gmt":"2022-08-04T11:12:01","guid":{"rendered":"https:\/\/www.carrere-estates.com\/?page_id=9611"},"modified":"2022-08-04T13:13:13","modified_gmt":"2022-08-04T11:13:13","slug":"mentions-legales","status":"publish","type":"page","link":"https:\/\/www.carrere-estates.com\/en\/mentions-legales\/","title":{"rendered":"Legal notices"},"content":{"rendered":"<p class=\"has-medium-font-size\"><strong>\u00c9DITEUR DU SITE<\/strong><\/p>\n\n\n\n<p><a href=\"http:\/\/www.carrere-estates.com\/en\/\">http:\/\/www.carrere-estates.com<\/a> est \u00e9dit\u00e9 par CARR\u00c8RE ESTATES SASU.<br>Num\u00e9ro de SIRET : 82844169100015<br>Si\u00e8ge social : Le Cortland, 16 Av. Dr. Raymond Picaud 06400 Cannes<br>Contact : sc@carrere-estates.com<\/p>\n\n\n\n<p class=\"has-medium-font-size\"><strong>DONN<\/strong><strong>\u00c9<\/strong><strong>ES PERSONNELLES<\/strong><strong><\/strong><\/p>\n\n\n\n<p>Par ailleurs vos informations bancaires ne sont jamais en possession de CARR\u00c8RE ESTATES. Les transactions financi\u00e8res ne sont jamais effectu\u00e9es via ce site.<\/p>\n\n\n\n<p>En outre, en vertu de la loi Informatique et Libert\u00e9s du 6 janvier 1978, vous disposez d\u2019un droit d\u2019acc\u00e8s, d\u2019un droit d\u2019opposition, d\u2019un droit de rectification et\/ou de suppression pour les renseignements vous concernant. Vous pouvez exercer ceux-ci en adressant votre demande (en indiquant votre adresse de courrier \u00e9lectronique, nom, pr\u00e9nom, adresse postale), par courrier \u00e9lectronique \u00e0 l\u2019adresse lalaouih@gmail.com ou par courrier postal \u00e0 l\u2019adresse suivante : Le Cortland, 16 Av. Dr. Raymond Picaud 06400 Cannes<\/p>","protected":false},"excerpt":{"rendered":"<p>\u00c9DITEUR DU SITE http:\/\/www.carrere-estates.com est \u00e9dit\u00e9 par CARR\u00c8RE ESTATES SASU.Num\u00e9ro de SIRET : 82844169100015Si\u00e8ge social : Le Cortland, 16 Av. Dr. Raymond Picaud 06400 CannesContact : sc@carrere-estates.com DONN\u00c9ES PERSONNELLES Par ailleurs vos informations bancaires ne sont jamais en possession de CARR\u00c8RE ESTATES. Les transactions financi\u00e8res ne sont jamais effectu\u00e9es via ce site. En outre, en [&hellip;]<\/p>","protected":false},"author":2,"featured_media":0,"parent":0,"menu_order":0,"comment_status":"closed","ping_status":"closed","template":"","meta":{"footnotes":""},"class_list":["post-9611","page","type-page","status-publish","hentry"],"_links":{"self":[{"href":"https:\/\/www.carrere-estates.com\/en\/wp-json\/wp\/v2\/pages\/9611","targetHints":{"allow":["GET"]}}],"collection":[{"href":"https:\/\/www.carrere-estates.com\/en\/wp-json\/wp\/v2\/pages"}],"about":[{"href":"https:\/\/www.carrere-estates.com\/en\/wp-json\/wp\/v2\/types\/page"}],"author":[{"embeddable":true,"href":"https:\/\/www.carrere-estates.com\/en\/wp-json\/wp\/v2\/users\/2"}],"replies":[{"embeddable":true,"href":"https:\/\/www.carrere-estates.com\/en\/wp-json\/wp\/v2\/comments?post=9611"}],"version-history":[{"count":2,"href":"https:\/\/www.carrere-estates.com\/en\/wp-json\/wp\/v2\/pages\/9611\/revisions"}],"predecessor-version":[{"id":9614,"href":"https:\/\/www.carrere-estates.com\/en\/wp-json\/wp\/v2\/pages\/9611\/revisions\/9614"}],"wp:attachment":[{"href":"https:\/\/www.carrere-estates.com\/en\/wp-json\/wp\/v2\/media?parent=9611"}],"curies":[{"name":"wp","href":"https:\/\/api.w.org\/{rel}","templated":true}]}}